{"id":921,"date":"2025-11-02T05:04:38","date_gmt":"2025-11-02T05:04:38","guid":{"rendered":"https:\/\/lorennaaquino.com\/about-2\/"},"modified":"2025-11-23T14:22:38","modified_gmt":"2025-11-23T14:22:38","slug":"about-2","status":"publish","type":"page","link":"https:\/\/lorennaaquino.com\/inicio\/about-2\/","title":{"rendered":"Metodo"},"content":{"rendered":"\n<div class=\"wp-block-uagb-container uagb-block-d813a79f alignfull uagb-is-root-container\"><div class=\"uagb-container-inner-blocks-wrap\">\n<div class=\"wp-block-uagb-info-box uagb-block-84311fa0 uagb-infobox__content-wrap  uagb-infobox-icon-above-title uagb-infobox-image-valign-top\"><div class=\"uagb-ifb-content\"><div class=\"uagb-ifb-title-wrap\"><h1 class=\"uagb-ifb-title\">Sua sa\u00fade \u00e9 a minha paix\u00e3o.<\/h1><\/div><\/div><\/div>\n<\/div><\/div>\n\n\n\n<div class=\"wp-block-uagb-container uagb-block-a75c50f7 alignfull uagb-is-root-container\"><div class=\"uagb-container-inner-blocks-wrap\">\n<div class=\"wp-block-uagb-advanced-heading uagb-block-35cbe83d\"><h2 class=\"uagb-heading-text\">Adoto uma abordagem individualizada, focando na causa raiz dos problemas de forma Integrativa: pois a sa\u00fade mental \u00e9 uma jun\u00e7\u00e3o de corpo e mente.<\/h2><\/div>\n\n\n\n<div class=\"wp-block-uagb-container uagb-block-8c762ca8\">\n<div class=\"wp-block-uagb-advanced-heading uagb-block-fae4a919\"><h6 class=\"uagb-heading-text\">Ajudo meus pacientes a desenvolverem h\u00e1bitos saud\u00e1veis. A se sentirem melhor e a descobrir o que funciona para eles.<\/h6><p class=\"uagb-desc-text\">As consultas s\u00e3o detalhadas e sem pressa, adotando uma atitude franca, objetiva, explicativa e direta.&nbsp;<br>Ao longo da minha forma\u00e7\u00e3o e pr\u00e1tica como m\u00e9dica psiquiatra, descobri que o verdadeiro aprendizado vem da escuta: ouvir o outro com presen\u00e7a e sensibilidade me ensinou sobre a mente humana de um jeito que nenhum livro seria capaz de transmitir.<br>Com o tempo, compreendi que um dos valores que mais norteiam meu trabalho \u2014 e minha vida \u2014 \u00e9 a empatia com responsabilidade.<br>Para mim, ser emp\u00e1tica \u00e9 mais do que entender a dor do outro: \u00e9 acolher essa dor com respeito, cuidado e \u00e9tica, ajudando a transform\u00e1-la em al\u00edvio e crescimento.<br>A responsabilidade est\u00e1 em reconhecer o quanto nossas palavras e atitudes podem influenciar a vida de quem nos confia suas hist\u00f3rias, suas ang\u00fastias e seus sil\u00eancios.<br>\u00c9 esse compromisso que me guia em cada encontro, buscando sempre oferecer um espa\u00e7o seguro, humano e genu\u00edno de cuidado.<br>Cuidar da mente \u00e9 um ato de coragem e autocuidado e buscar ajuda \u00e9 o primeiro passo para viver com mais leveza e bem-estar.<\/p><\/div>\n\n\n\n<p><\/p>\n\n\n\n<p><\/p>\n\n\n\n<p><\/p>\n\n\n\n<p><\/p>\n\n\n\n<p><\/p>\n<\/div>\n<\/div><\/div>\n\n\n\n<div class=\"wp-block-uagb-container uagb-block-a0a206b6 alignfull uagb-is-root-container\"><div class=\"uagb-container-inner-blocks-wrap\">\n<div class=\"wp-block-uagb-image uagb-block-1e96be62 wp-block-uagb-image--layout-default wp-block-uagb-image--effect-static wp-block-uagb-image--align-none\"><figure class=\"wp-block-uagb-image__figure\"><img loading=\"lazy\" decoding=\"async\" srcset=\"http:\/\/lorennaaquino.com\/wp-content\/uploads\/2025\/11\/Supporting-you-in-achieving-sec-IMG-1-885x1024-1.jpg ,http:\/\/lorennaaquino.com\/wp-content\/uploads\/2024\/12\/Supporting-you-in-achieving-sec-IMG-1.jpg 780w, http:\/\/lorennaaquino.com\/wp-content\/uploads\/2024\/12\/Supporting-you-in-achieving-sec-IMG-1.jpg 360w\" sizes=\"auto, (max-width: 480px) 150px\" src=\"http:\/\/lorennaaquino.com\/wp-content\/uploads\/2025\/11\/Supporting-you-in-achieving-sec-IMG-1-885x1024-1.jpg\" alt=\"\" class=\"uag-image-188\" width=\"885\" height=\"1024\" title=\"Supporting-you-in-achieving-sec-IMG.jpg\" loading=\"lazy\" role=\"img\"\/><\/figure><\/div>\n\n\n\n<div class=\"wp-block-uagb-container uagb-block-6c8eced5\"><\/div>\n<\/div><\/div>\n\n\n\n<div class=\"wp-block-uagb-container uagb-block-e336c9bd alignfull uagb-is-root-container\"><div class=\"uagb-container-inner-blocks-wrap\">\n<div class=\"wp-block-uagb-info-box uagb-block-cf065285 uagb-infobox__content-wrap  uagb-infobox-icon-above-title uagb-infobox-image-valign-top\"><div class=\"uagb-ifb-content\"><div class=\"uagb-ifb-title-wrap\"><h2 class=\"uagb-ifb-title-prefix\">92%<\/h2><h4 class=\"uagb-ifb-title\">Happiness Rate<\/h4><\/div><p class=\"uagb-ifb-desc\">My clients report feeling happier more energized after completing their coaching program. health and wellness.<\/p><\/div><\/div>\n\n\n\n<div class=\"wp-block-uagb-info-box uagb-block-59769b6d uagb-infobox__content-wrap  uagb-infobox-icon-above-title uagb-infobox-image-valign-top\"><div class=\"uagb-ifb-content\"><div class=\"uagb-ifb-title-wrap\"><h2 class=\"uagb-ifb-title-prefix\">88%<\/h2><h4 class=\"uagb-ifb-title\">Success in Habit Formation<\/h4><\/div><p class=\"uagb-ifb-desc\">Clients successfully adopt and sustain healthy habits over the long term, thanks to tailored strategies and consistent support.<\/p><\/div><\/div>\n\n\n\n<div class=\"wp-block-uagb-info-box uagb-block-9cd47da6 uagb-infobox__content-wrap  uagb-infobox-icon-above-title uagb-infobox-image-valign-top\"><div class=\"uagb-ifb-content\"><div class=\"uagb-ifb-title-wrap\"><h2 class=\"uagb-ifb-title-prefix\">82%<\/h2><h4 class=\"uagb-ifb-title\">Improved Nutrition Knowledge<\/h4><\/div><p class=\"uagb-ifb-desc\">Clients leave the program with a deeper understanding of nutrition and how to make better food choices.<\/p><\/div><\/div>\n<\/div><\/div>\n\n\n\n<div class=\"wp-block-uagb-container uagb-block-b767d140 alignfull uagb-is-root-container\"><div class=\"uagb-container-inner-blocks-wrap\">\n<div class=\"wp-block-uagb-container uagb-block-1fe57a7f\">\n<div class=\"wp-block-uagb-advanced-heading uagb-block-c5d8a65b\"><h2 class=\"uagb-heading-text\">Why work with me<\/h2><p class=\"uagb-desc-text\">Choosing me as your health coach means choosing a partner who is dedicated to your success. I stay current with the latest research and trends in nutrition to provide you with evidence-based advice. My approach is compassionate, non-judgmental, and focused on helping you find what works best for you.<\/p><\/div>\n\n\n<div class=\"latepoint-book-button-wrapper wp-block-button\"><a href=\"#\" class=\"latepoint-book-button os_trigger_booking wp-block-button__link latepoint-book-button-9c1kkah36-1746556212905\" style=\"background-color: #ffffff00; color: var(--ast-global-color-1); font-size: NaNrem\" >Book An Appointment<\/a><\/div><\/div>\n\n\n\n<div class=\"wp-block-uagb-image uagb-block-9f972858 wp-block-uagb-image--layout-default wp-block-uagb-image--effect-static wp-block-uagb-image--align-none\"><figure class=\"wp-block-uagb-image__figure\"><img loading=\"lazy\" decoding=\"async\" srcset=\"http:\/\/lorennaaquino.com\/wp-content\/uploads\/2025\/11\/Why-work-with-me-sec-IMG-885x1024-1.jpg ,http:\/\/lorennaaquino.com\/wp-content\/uploads\/2024\/12\/Why-work-with-me-sec-IMG.jpg 780w, http:\/\/lorennaaquino.com\/wp-content\/uploads\/2024\/12\/Why-work-with-me-sec-IMG.jpg 360w\" sizes=\"auto, (max-width: 480px) 150px\" src=\"http:\/\/lorennaaquino.com\/wp-content\/uploads\/2025\/11\/Why-work-with-me-sec-IMG-885x1024-1.jpg\" alt=\"\" class=\"uag-image-71\" width=\"885\" height=\"1024\" title=\"Why work with me sec IMG\" loading=\"lazy\" role=\"img\"\/><\/figure><\/div>\n<\/div><\/div>\n","protected":false},"excerpt":{"rendered":"","protected":false},"author":1,"featured_media":0,"parent":0,"menu_order":0,"comment_status":"closed","ping_status":"closed","template":"","meta":{"_surecart_dashboard_logo_width":"180px","_surecart_dashboard_show_logo":true,"_surecart_dashboard_navigation_orders":true,"_surecart_dashboard_navigation_invoices":true,"_surecart_dashboard_navigation_subscriptions":true,"_surecart_dashboard_navigation_downloads":true,"_surecart_dashboard_navigation_billing":true,"_surecart_dashboard_navigation_account":true,"site-sidebar-layout":"no-sidebar","site-content-layout":"","ast-site-content-layout":"full-width-container","site-content-style":"unboxed","site-sidebar-style":"default","ast-global-header-display":"","ast-banner-title-visibility":"","ast-main-header-display":"","ast-hfb-above-header-display":"","ast-hfb-below-header-display":"","ast-hfb-mobile-header-display":"","site-post-title":"disabled","ast-breadcrumbs-content":"","ast-featured-img":"","footer-sml-layout":"","theme-transparent-header-meta":"","adv-header-id-meta":"","stick-header-meta":"","header-above-stick-meta":"","header-main-stick-meta":"","header-below-stick-meta":"","astra-migrate-meta-layouts":"default","ast-page-background-enabled":"default","ast-page-background-meta":{"desktop":{"background-color":"var(--ast-global-color-4)","background-image":"","background-repeat":"repeat","background-position":"center center","background-size":"auto","background-attachment":"scroll","background-type":"","background-media":"","overlay-type":"","overlay-color":"","overlay-opacity":"","overlay-gradient":""},"tablet":{"background-color":"","background-image":"","background-repeat":"repeat","background-position":"center center","background-size":"auto","background-attachment":"scroll","background-type":"","background-media":"","overlay-type":"","overlay-color":"","overlay-opacity":"","overlay-gradient":""},"mobile":{"background-color":"","background-image":"","background-repeat":"repeat","background-position":"center center","background-size":"auto","background-attachment":"scroll","background-type":"","background-media":"","overlay-type":"","overlay-color":"","overlay-opacity":"","overlay-gradient":""}},"ast-content-background-meta":{"desktop":{"background-color":"var(--ast-global-color-5)","background-image":"","background-repeat":"repeat","background-position":"center center","background-size":"auto","background-attachment":"scroll","background-type":"","background-media":"","overlay-type":"","overlay-color":"","overlay-opacity":"","overlay-gradient":""},"tablet":{"background-color":"var(--ast-global-color-5)","background-image":"","background-repeat":"repeat","background-position":"center center","background-size":"auto","background-attachment":"scroll","background-type":"","background-media":"","overlay-type":"","overlay-color":"","overlay-opacity":"","overlay-gradient":""},"mobile":{"background-color":"var(--ast-global-color-5)","background-image":"","background-repeat":"repeat","background-position":"center center","background-size":"auto","background-attachment":"scroll","background-type":"","background-media":"","overlay-type":"","overlay-color":"","overlay-opacity":"","overlay-gradient":""}},"footnotes":""},"class_list":["post-921","page","type-page","status-publish","hentry"],"_hostinger_reach_plugin_has_subscription_block":false,"_hostinger_reach_plugin_is_elementor":false,"_links":{"self":[{"href":"https:\/\/lorennaaquino.com\/inicio\/wp-json\/wp\/v2\/pages\/921","targetHints":{"allow":["GET"]}}],"collection":[{"href":"https:\/\/lorennaaquino.com\/inicio\/wp-json\/wp\/v2\/pages"}],"about":[{"href":"https:\/\/lorennaaquino.com\/inicio\/wp-json\/wp\/v2\/types\/page"}],"author":[{"embeddable":true,"href":"https:\/\/lorennaaquino.com\/inicio\/wp-json\/wp\/v2\/users\/1"}],"replies":[{"embeddable":true,"href":"https:\/\/lorennaaquino.com\/inicio\/wp-json\/wp\/v2\/comments?post=921"}],"version-history":[{"count":9,"href":"https:\/\/lorennaaquino.com\/inicio\/wp-json\/wp\/v2\/pages\/921\/revisions"}],"predecessor-version":[{"id":3031,"href":"https:\/\/lorennaaquino.com\/inicio\/wp-json\/wp\/v2\/pages\/921\/revisions\/3031"}],"wp:attachment":[{"href":"https:\/\/lorennaaquino.com\/inicio\/wp-json\/wp\/v2\/media?parent=921"}],"curies":[{"name":"wp","href":"https:\/\/api.w.org\/{rel}","templated":true}]}}